{"id":1076,"date":"2025-02-07T12:04:32","date_gmt":"2025-02-07T11:04:32","guid":{"rendered":"https:\/\/tunavigo.anfaco.es\/privacy-policy\/"},"modified":"2025-03-12T14:01:56","modified_gmt":"2025-03-12T13:01:56","slug":"politica-de-privacidad","status":"publish","type":"page","link":"https:\/\/tunavigo.anfaco.es\/es\/politica-de-privacidad\/","title":{"rendered":"Pol\u00edtica de privacidad"},"content":{"rendered":"<div class=\"wpb-content-wrapper\"><p>[vc_row full_width=\u00bbstretch_row\u00bb css=\u00bb.vc_custom_1740133746531{margin-top: -150px !important;padding-top: 100px !important;background-color: #261940 !important;}\u00bb][vc_column][\/vc_column][\/vc_row][vc_row full_width=\u00bbstretch_row\u00bb css_animation=\u00bbfadeInUp\u00bb el_class=\u00bbbloqueContenido bloqueContenidoGaleria\u00bb css=\u00bb.vc_custom_1740054380959{background-color: #FFFFFF !important;}\u00bb][vc_column][vc_single_image image=\u00bb994&#8243; img_size=\u00bbfull\u00bb onclick=\u00bbcustom_link\u00bb css=\u00bb.vc_custom_1740053772513{margin-bottom: 10px !important;}\u00bb link=\u00bbhttp:\/\/tunavigo.anfaco.es\u00bb el_class=\u00bbimgAtras\u00bb][vc_column_text css=\u00bb\u00bb el_class=\u00bbtxtGaleria\u00bb]<span style=\"color: #8c8b8d;\">POL\u00cdTICA DE PRIVACIDAD<\/span>[\/vc_column_text][vc_column_text css=\u00bb\u00bb]<strong>Introducci\u00f3n<\/strong><\/p>\n<p>ANFACO-CECOPESCA con CIF G36625309, y domicilio social en Carretera Colegio Universitario 16, cp.36310, Vigo es titular del dominio en Internet: www.tunavigo.anfaco.es y responsable del tratamiento de los datos de car\u00e1cter personal que usted nos proporciona. En ANFACOCECOPESCA nos comprometemos a asegurar que su informaci\u00f3n personal se encuentre protegida y no se utilice de forma indebida.<\/p>\n<p>En este documento explicamos qui\u00e9n es el responsable de tratamiento, con qu\u00e9 finalidad se va a tratar su informaci\u00f3n personal, la legitimaci\u00f3n para el tratamiento, c\u00f3mo la recabamos, por qu\u00e9 la recabamos, c\u00f3mo la utilizamos, los derechos que le asisten y tambi\u00e9n se explican los procesos que hemos dispuesto para proteger su privacidad. Al facilitarnos su informaci\u00f3n personal y utilizar nuestro sitio web, entendemos que ha le\u00eddo y comprendido los t\u00e9rminos relacionados con la informaci\u00f3n de protecci\u00f3n de datos de car\u00e1cter personal que se exponen.<\/p>\n<p>En ANFACO-CECOPESCA asumimos la responsabilidad de cumplir con la legislaci\u00f3n vigente en materia de protecci\u00f3n de datos nacional y europea, en concreto el Reglamento (UE) 2016\/679 del Parlamento Europeo y del Consejo, de 27 de abril de 2016, relativo a la protecci\u00f3n de las personas f\u00edsicas en lo que respecta al tratamiento de datos personales y a la libre circulaci\u00f3n de estos datos y por el que se deroga la Directiva 95\/46\/CE (Reglamento general de protecci\u00f3n de datos). ANFACO-CECOPESCA tiene como objetivo tratar sus datos personales de manera l\u00edcita, leal y transparente.<\/p>\n<p><strong>\u00bfQui\u00e9n es el responsable del tratamiento de sus datos personales?<\/strong><\/p>\n<p>ANFACO-CECOPESCA, es el responsable del tratamiento de los datos personales que usted nos proporciona y se responsabiliza de los referidos datos personales de acuerdo con la normativa aplicable en materia de protecci\u00f3n de datos.<\/p>\n<p>ANFACO-CECOPESCA, CIF: G36625309 &#8211; Carretera Colegio Universitario 16, cp. 36310, Vigo<br \/>\n<a href=\"mailto:anfaco@anfaco.es\">anfaco@anfaco.es<\/a><\/p>\n<p><strong>Finalidades amparadas en la relaci\u00f3n contractual<\/strong><\/p>\n<p>La raz\u00f3n principal por la que recabamos su informaci\u00f3n personal es porque es necesaria para gestionar los servicios relacionados con la XII ANFACO WORLD TUNA CONFERENCE 2025.<\/p>\n<p><strong>\u00bfD\u00f3nde almacenamos sus datos?<\/strong><\/p>\n<p>ANFACO-CECOPESCA le da gran importancia a la protecci\u00f3n de sus datos personales contra el acceso no autorizado, el tratamiento ilegal, la p\u00e9rdida accidental, la destrucci\u00f3n y el da\u00f1o de los mismos. Por ello, implementamos medidas t\u00e9cnicas y organizativas apropiadas para salvaguardar dicha informaci\u00f3n a trav\u00e9s de nuestro Documento de Seguridad Interno. Los datos que recopilamos sobre usted se almacenan en ficheros automatizados o no automatizados espec\u00edficamente recogidos en nuestro documento de Seguridad Interno. Debe conocer que en algunos casos es necesaria la cesi\u00f3n de sus datos a terceros vinculados al contrato, tanto para su formalizaci\u00f3n como para su gesti\u00f3n y ejecuci\u00f3n. En este sentido, para la gesti\u00f3n de las finalidades inherentes al desarrollo y cumplimento del objeto del contrato, puede resultar necesario y obligatorio para la prestaci\u00f3n del servicio, que sus datos tengan que ser comunicados a terceros, quienes vendr\u00e1n obligados a utilizar los datos, \u00fanica y exclusivamente, para dar cumplimiento al objeto del contrato. En todos los casos, ANFACO-CECOPESCA asume la responsabilidad por la informaci\u00f3n personal que nos facilite, y solicitamos a aquellas empresas o entidades con los que compartimos su informaci\u00f3n personal que apliquen el mismo grado de protecci\u00f3n de la informaci\u00f3n que nosotros. Asimismo, su informaci\u00f3n personal estar\u00e1 a disposici\u00f3n de las Administraciones p\u00fablicas, Jueces y Tribunales, para la atenci\u00f3n de las posibles responsabilidades nacidas del tratamiento.<br \/>\nNo est\u00e1 prevista la transferencia de datos a otro pa\u00eds u organizaci\u00f3n internacional, la informaci\u00f3n personal que recabamos reside en Espa\u00f1a.<\/p>\n<p><strong>\u00bfCu\u00e1l es la base legal para el tratamiento de sus datos personales?<\/strong><\/p>\n<p>ANFACO-CECOPESCA siempre se asegurar\u00e1 de tener una base legal para recabar y tratar sus datos personales. La base legal en la que nos basamos cambiar\u00e1 seg\u00fan el tipo de dato personal y el contexto en el que lo obtengamos. Por tanto, para el tratamiento de su informaci\u00f3n personal nos basamos en la legitimaci\u00f3n por varios motivos:<\/p>\n<ul>\n<li>Para el cumplimiento de un contrato y\/o relaci\u00f3n comercial.<\/li>\n<li>Con su consentimiento.<\/li>\n<\/ul>\n<p><strong>\u00bfDurante cu\u00e1nto tiempo se almacenar\u00e1n sus datos?<\/strong><\/p>\n<p>Solo almacenamos su informaci\u00f3n personal en la medida en que la necesitamos a fin de poder utilizarla seg\u00fan la finalidad por la que fue recabada, y seg\u00fan la base jur\u00eddica del tratamiento de la misma de conformidad con la ley aplicable.<br \/>\nPor ello, los datos personales proporcionados se conservar\u00e1n hasta el final del servicio prestado, durante los a\u00f1os necesarios para cumplir con las obligaciones legales o hasta que usted ejerza su derecho de cancelaci\u00f3n.<\/p>\n<p><strong>\u00bfCu\u00e1les son sus derechos?<\/strong><\/p>\n<p>Tiene derecho a obtener confirmaci\u00f3n sobre si en ANFACO-CECOPESCA estamos tratando datos personales que le conciernan, o no.<\/p>\n<p>Asimismo, tiene derecho a acceder a sus datos personales, as\u00ed como a solicitar la rectificaci\u00f3n de los datos inexactos o, en su caso, solicitar su supresi\u00f3n cuando, entre otros motivos, los datos ya no sean necesarios para los fines que fueron recogidos.<\/p>\n<p>En determinadas circunstancias, podr\u00e1 solicitar la limitaci\u00f3n del tratamiento de sus datos, en cuyo caso \u00fanicamente los conservaremos para el ejercicio o la defensa de reclamaciones.<\/p>\n<p>En determinadas circunstancias y por motivos relacionados con su situaci\u00f3n particular, podr\u00e1 oponerse al tratamiento de sus datos. ANFACO-CECOPESCA dejar\u00e1 de tratar los datos, salvo por motivos leg\u00edtimos, o el ejercicio o la defensa de posibles reclamaciones.<\/p>\n<p>Asimismo, puede ejercer el derecho a la portabilidad de los datos, as\u00ed como retirar los consentimientos facilitados en cualquier momento, sin que ello afecte a la licitud del tratamiento basado en el consentimiento previo a su retirada.<br \/>\nSi desea hacer uso de cualquiera de sus derechos puede dirigirse a nosotros a trav\u00e9s del email: <a href=\"mailto:anfaco@anfaco.es\">anfaco@anfaco.es<\/a><\/p>\n<p>Alternativamente, tambi\u00e9n puede dirigirse a nosotros mediante correo postal en la siguiente direcci\u00f3n: Carretera Colegio Universitario 16, cp. 36310, Vigo, junto con una copia de su DNI. Por \u00faltimo, le informamos que puede dirigirse ante la Agencia Espa\u00f1ola de Protecci\u00f3n de Datos y dem\u00e1s organismos p\u00fablicos competentes para cualquier reclamaci\u00f3n derivada del tratamiento de sus datos personales.<\/p>\n<p><strong>Actualizaciones de nuestro Aviso de Privacidad<\/strong><\/p>\n<p>Es posible que tengamos que actualizar nuestro Aviso de Privacidad. La \u00faltima versi\u00f3n del Aviso de Privacidad estar\u00e1 siempre disponible en nuestro sitio web. Comunicaremos cualquier cambio Pol\u00edtica de Privacidad y Protecci\u00f3n de Datos, ANFACO-CECOPESCA, en el Aviso de Privacidad, por ejemplo, la finalidad del tratamiento de sus datos personales, la identidad del Responsable o sus derechos.[\/vc_column_text][\/vc_column][\/vc_row][vc_row full_width=\u00bbstretch_row\u00bb css=\u00bb.vc_custom_1740133775047{margin-bottom: -35px !important;padding-top: 50px !important;padding-bottom: 50px !important;background-color: #261940 !important;}\u00bb el_class=\u00bbpieGaleria\u00bb][vc_column][vc_single_image image=\u00bb992&#8243; img_size=\u00bbfull\u00bb alignment=\u00bbcenter\u00bb onclick=\u00bbcustom_link\u00bb css=\u00bb.vc_custom_1740054883413{margin-bottom: 10px !important;}\u00bb link=\u00bbhttp:\/\/tunavigo.anfaco.es\u00bb el_class=\u00bbimgAtras\u00bb][\/vc_column][\/vc_row]<\/p>\n<\/div>","protected":false},"excerpt":{"rendered":"<p>[vc_row full_width=\u00bbstretch_row\u00bb css=\u00bb.vc_custom_1740133746531{margin-top: -150px !important;padding-top: 100px !important;background-color: #261940 !important;}\u00bb][vc_column][\/vc_column][\/vc_row][vc_row full_width=\u00bbstretch_row\u00bb css_animation=\u00bbfadeInUp\u00bb el_class=\u00bbbloqueContenido bloqueContenidoGaleria\u00bb css=\u00bb.vc_custom_1740054380959{background-color: #FFFFFF !important;}\u00bb][vc_column][vc_single_image image=\u00bb994&#8243; img_size=\u00bbfull\u00bb onclick=\u00bbcustom_link\u00bb css=\u00bb.vc_custom_1740053772513{margin-bottom: 10px !important;}\u00bb link=\u00bbhttp:\/\/tunavigo.anfaco.es\u00bb el_class=\u00bbimgAtras\u00bb][vc_column_text css=\u00bb\u00bb el_class=\u00bbtxtGaleria\u00bb]POL\u00cdTICA<span class=\"excerpt-hellip\"> [\u2026]<\/span><\/p>\n","protected":false},"author":1,"featured_media":0,"parent":0,"menu_order":0,"comment_status":"closed","ping_status":"open","template":"","meta":{"footnotes":""},"class_list":["post-1076","page","type-page","status-publish","hentry"],"aioseo_notices":[],"_links":{"self":[{"href":"https:\/\/tunavigo.anfaco.es\/es\/wp-json\/wp\/v2\/pages\/1076","targetHints":{"allow":["GET"]}}],"collection":[{"href":"https:\/\/tunavigo.anfaco.es\/es\/wp-json\/wp\/v2\/pages"}],"about":[{"href":"https:\/\/tunavigo.anfaco.es\/es\/wp-json\/wp\/v2\/types\/page"}],"author":[{"embeddable":true,"href":"https:\/\/tunavigo.anfaco.es\/es\/wp-json\/wp\/v2\/users\/1"}],"replies":[{"embeddable":true,"href":"https:\/\/tunavigo.anfaco.es\/es\/wp-json\/wp\/v2\/comments?post=1076"}],"version-history":[{"count":1,"href":"https:\/\/tunavigo.anfaco.es\/es\/wp-json\/wp\/v2\/pages\/1076\/revisions"}],"predecessor-version":[{"id":1077,"href":"https:\/\/tunavigo.anfaco.es\/es\/wp-json\/wp\/v2\/pages\/1076\/revisions\/1077"}],"wp:attachment":[{"href":"https:\/\/tunavigo.anfaco.es\/es\/wp-json\/wp\/v2\/media?parent=1076"}],"curies":[{"name":"wp","href":"https:\/\/api.w.org\/{rel}","templated":true}]}}