{"id":1085,"date":"2025-03-12T14:07:40","date_gmt":"2025-03-12T13:07:40","guid":{"rendered":"https:\/\/tunavigo.anfaco.es\/pricing-policy\/"},"modified":"2025-03-12T14:08:27","modified_gmt":"2025-03-12T13:08:27","slug":"politica-de-precios","status":"publish","type":"page","link":"https:\/\/tunavigo.anfaco.es\/es\/politica-de-precios\/","title":{"rendered":"POL\u00cdTICA DE PRECIOS"},"content":{"rendered":"<div class=\"wpb-content-wrapper\"><p>[vc_row full_width=\u00bbstretch_row\u00bb css=\u00bb.vc_custom_1740133746531{margin-top: -150px !important;padding-top: 100px !important;background-color: #261940 !important;}\u00bb][vc_column][\/vc_column][\/vc_row][vc_row full_width=\u00bbstretch_row\u00bb css_animation=\u00bbfadeInUp\u00bb el_class=\u00bbbloqueContenido bloqueContenidoGaleria\u00bb css=\u00bb.vc_custom_1740054380959{background-color: #FFFFFF !important;}\u00bb][vc_column][vc_single_image image=\u00bb994&#8243; img_size=\u00bbfull\u00bb onclick=\u00bbcustom_link\u00bb css=\u00bb.vc_custom_1740053772513{margin-bottom: 10px !important;}\u00bb link=\u00bbhttp:\/\/tunavigo.anfaco.es\u00bb el_class=\u00bbimgAtras\u00bb][vc_column_text css=\u00bb\u00bb el_class=\u00bbtxtGaleria\u00bb]<span style=\"color: #8c8b8d;\">POL\u00cdTICA DE PRECIOS<\/span>[\/vc_column_text][vc_column_text css=\u00bb\u00bb]<strong>IVA<\/strong><\/p>\n<p>Todas las cuotas de participaci\u00f3n en la conferencia est\u00e1n sujetas al IVA espa\u00f1ol del 21%, independientemente del pa\u00eds de origen del delegado. Esto significa que tanto las empresas establecidas fuera de la UE como las establecidas en la UE deber\u00e1n pagar el 21% de IVA. Algunos reglamentos de la UE permiten recuperar el IVA pagado en los pa\u00edses miembros. Para m\u00e1s informaci\u00f3n, p\u00f3ngase en contacto con las autoridades fiscales de su pa\u00eds.<\/p>\n<p><strong>POL\u00cdTICA DE PAGO <\/strong><\/p>\n<p>Los derechos de inscripci\u00f3n pueden abonarse mediante tarjeta de cr\u00e9dito, en el momento de la inscripci\u00f3n en l\u00ednea. Tambi\u00e9n es posible abonar la cuota de participaci\u00f3n -si a\u00fan quedasen plazas disponibles- en efectivo o con tarjeta, en euros, en el mostrador de recepci\u00f3n de la XII ANFACO WORLD TUNA CONFERENCE 2025.<\/p>\n<p><strong>POL\u00cdTICA DE REEMBOLSO, CAMBIO Y CANCELACI\u00d3N <\/strong><\/p>\n<p>No se conceder\u00e1n reembolsos. Si un asistente no puede acudir, podr\u00e1 solicitar un cambio de nombre en la acreditaci\u00f3n sin coste y enviar a otra persona en su lugar.<\/p>\n<p>Si la XII ANFACO WORLD TUNA CONFERENCE 2025 se cancela -sin causa de fuerza mayor- los asistentes recibir\u00e1n el reembolso completo.<\/p>\n<p><strong>DISPONIBILIDAD LIMITADA <\/strong><\/p>\n<p>Las plazas son limitadas, con lo cual, una vez alcanzado el cupo, no se podr\u00e1n tramitar inscripciones adicionales.<\/p>\n<p>El organizador se reserva el derecho de modificar\/cancelar estos t\u00e9rminos y condiciones en cualquier momento sin previo aviso.[\/vc_column_text][\/vc_column][\/vc_row][vc_row full_width=\u00bbstretch_row\u00bb css=\u00bb.vc_custom_1740133775047{margin-bottom: -35px !important;padding-top: 50px !important;padding-bottom: 50px !important;background-color: #261940 !important;}\u00bb el_class=\u00bbpieGaleria\u00bb][vc_column][vc_single_image image=\u00bb992&#8243; img_size=\u00bbfull\u00bb alignment=\u00bbcenter\u00bb onclick=\u00bbcustom_link\u00bb css=\u00bb.vc_custom_1740054883413{margin-bottom: 10px !important;}\u00bb link=\u00bbhttp:\/\/tunavigo.anfaco.es\u00bb el_class=\u00bbimgAtras\u00bb][\/vc_column][\/vc_row]<\/p>\n<\/div>","protected":false},"excerpt":{"rendered":"<p>[vc_row full_width=\u00bbstretch_row\u00bb css=\u00bb.vc_custom_1740133746531{margin-top: -150px !important;padding-top: 100px !important;background-color: #261940 !important;}\u00bb][vc_column][\/vc_column][\/vc_row][vc_row full_width=\u00bbstretch_row\u00bb css_animation=\u00bbfadeInUp\u00bb el_class=\u00bbbloqueContenido bloqueContenidoGaleria\u00bb css=\u00bb.vc_custom_1740054380959{background-color: #FFFFFF !important;}\u00bb][vc_column][vc_single_image image=\u00bb994&#8243; img_size=\u00bbfull\u00bb onclick=\u00bbcustom_link\u00bb css=\u00bb.vc_custom_1740053772513{margin-bottom: 10px !important;}\u00bb link=\u00bbhttp:\/\/tunavigo.anfaco.es\u00bb el_class=\u00bbimgAtras\u00bb][vc_column_text css=\u00bb\u00bb el_class=\u00bbtxtGaleria\u00bb]POL\u00cdTICA<span class=\"excerpt-hellip\"> [\u2026]<\/span><\/p>\n","protected":false},"author":1,"featured_media":0,"parent":0,"menu_order":0,"comment_status":"closed","ping_status":"closed","template":"","meta":{"footnotes":""},"class_list":["post-1085","page","type-page","status-publish","hentry"],"aioseo_notices":[],"_links":{"self":[{"href":"https:\/\/tunavigo.anfaco.es\/es\/wp-json\/wp\/v2\/pages\/1085","targetHints":{"allow":["GET"]}}],"collection":[{"href":"https:\/\/tunavigo.anfaco.es\/es\/wp-json\/wp\/v2\/pages"}],"about":[{"href":"https:\/\/tunavigo.anfaco.es\/es\/wp-json\/wp\/v2\/types\/page"}],"author":[{"embeddable":true,"href":"https:\/\/tunavigo.anfaco.es\/es\/wp-json\/wp\/v2\/users\/1"}],"replies":[{"embeddable":true,"href":"https:\/\/tunavigo.anfaco.es\/es\/wp-json\/wp\/v2\/comments?post=1085"}],"version-history":[{"count":1,"href":"https:\/\/tunavigo.anfaco.es\/es\/wp-json\/wp\/v2\/pages\/1085\/revisions"}],"predecessor-version":[{"id":1086,"href":"https:\/\/tunavigo.anfaco.es\/es\/wp-json\/wp\/v2\/pages\/1085\/revisions\/1086"}],"wp:attachment":[{"href":"https:\/\/tunavigo.anfaco.es\/es\/wp-json\/wp\/v2\/media?parent=1085"}],"curies":[{"name":"wp","href":"https:\/\/api.w.org\/{rel}","templated":true}]}}